{"id":166,"date":"2010-08-24T08:12:06","date_gmt":"2010-08-24T06:12:06","guid":{"rendered":"http:\/\/www.stuebbenhaus.de\/?page_id=166"},"modified":"2018-05-17T12:16:06","modified_gmt":"2018-05-17T10:16:06","slug":"trophy-liste","status":"publish","type":"page","link":"http:\/\/stuebbenhaus.de\/?page_id=166","title":{"rendered":"Trophies"},"content":{"rendered":"<p><img decoding=\"async\" src=\"\/wp-content\/uploads\/2010\/08\/cup_bronze.png\" alt=\"\" \/><\/p>\n<table>\n<thead><\/thead>\n<tbody>\n<tr>\n<td><img decoding=\"async\" src=\"\/wp-content\/uploads\/2010\/08\/haus_bronze.gif\" alt=\"\" \/><\/td>\n<td valign=\"top\"><img decoding=\"async\" src=\"\/wp-content\/uploads\/2010\/08\/icon_trophy_bronze.gif\" alt=\"\" \/><\/td>\n<td valign=\"top\"><strong>Der \u00dcbersicht halber <\/strong><br \/>\nEinrichten eines Hauskontos<br \/>\n<small>Erledigt am 17.06.2010<\/small><\/td>\n<td><\/td>\n<td><img decoding=\"async\" src=\"\/wp-content\/uploads\/2010\/08\/haus_bronze.gif\" alt=\"\" \/><\/td>\n<td valign=\"top\"><img decoding=\"async\" src=\"\/wp-content\/uploads\/2010\/08\/icon_trophy_bronze.gif\" alt=\"\" \/><\/td>\n<td valign=\"top\"><strong>Arm wie eine Kirchenmaus <\/strong><br \/>\nSparkassentermin abschlie\u00dfen<br \/>\n<small>Erledigt am 19.08.2010<\/small><\/td>\n<\/tr>\n<tr>\n<td><img decoding=\"async\" src=\"\/wp-content\/uploads\/2010\/08\/haus_bronze.gif\" alt=\"\" \/><\/td>\n<td valign=\"top\"><img decoding=\"async\" src=\"\/wp-content\/uploads\/2010\/08\/icon_trophy_bronze.gif\" alt=\"\" \/><\/td>\n<td valign=\"top\"><strong>B\u00fcrokratie muss sein <\/strong><br \/>\nNotartermin abschlie\u00dfen<br \/>\n<small>Erledigt am 29.06.2010<\/small><\/td>\n<td><\/td>\n<td><img decoding=\"async\" src=\"\/wp-content\/uploads\/2010\/08\/haus_bronze.gif\" alt=\"\" \/><\/td>\n<td valign=\"top\"><img decoding=\"async\" src=\"\/wp-content\/uploads\/2010\/08\/icon_trophy_bronze.gif\" alt=\"\" \/><\/td>\n<td valign=\"top\"><strong>Sicher ist sicher <\/strong><br \/>\nGeb\u00e4udeversicherung abschlie\u00dfen<br \/>\n<small>Erledigt am 09.08.2010<\/small><\/td>\n<\/tr>\n<tr>\n<td><img decoding=\"async\" src=\"\/wp-content\/uploads\/2010\/08\/haus_bronze.gif\" alt=\"\" \/><\/td>\n<td valign=\"top\"><img decoding=\"async\" src=\"\/wp-content\/uploads\/2010\/08\/icon_trophy_bronze.gif\" alt=\"\" \/><\/td>\n<td valign=\"top\"><strong>Endlich!<\/strong><br \/>\nSchl\u00fcssel\u00fcbergabe<br \/>\n<small>Erledigt am 31.08.2010<\/small><\/td>\n<td><\/td>\n<td><img decoding=\"async\" src=\"\/wp-content\/uploads\/2010\/08\/haus_bronze.gif\" alt=\"\" \/><\/td>\n<td valign=\"top\"><img decoding=\"async\" src=\"\/wp-content\/uploads\/2010\/08\/icon_trophy_bronze.gif\" alt=\"\" \/><\/td>\n<td valign=\"top\"><strong>Dachschaden<\/strong><br \/>\nRiss reparieren &amp; Dachschindeln austauschen<br \/>\n<small>Erledigt am 19.08.2011<\/small><\/td>\n<\/tr>\n<tr>\n<td><img decoding=\"async\" src=\"\/wp-content\/uploads\/2010\/08\/haus_bronze.gif\" alt=\"\" \/><\/td>\n<td valign=\"top\"><img decoding=\"async\" src=\"\/wp-content\/uploads\/2010\/08\/icon_trophy_bronze.gif\" alt=\"\" \/><\/td>\n<td valign=\"top\"><strong>Alles muss raus <\/strong><br \/>\nB\u00e4der abrei\u00dfen, Fu\u00dfb\u00f6den raus, Tapete abkratzen<br \/>\n<small>Erledigt am 26.09.2010<\/small><\/td>\n<td><\/td>\n<td><img decoding=\"async\" src=\"\/wp-content\/uploads\/2010\/08\/haus_bronze.gif\" alt=\"\" \/><\/td>\n<td valign=\"top\"><img decoding=\"async\" src=\"\/wp-content\/uploads\/2010\/08\/icon_trophy_bronze.gif\" alt=\"\" \/><\/td>\n<td valign=\"top\"><strong>Die Mauer muss weg <\/strong><br \/>\nK\u00fcchendurchbruch schaffen<br \/>\n<small>Erledigt am 02.03.2011<\/small><\/td>\n<\/tr>\n<tr>\n<td><img decoding=\"async\" src=\"\/wp-content\/uploads\/2010\/08\/haus_bronze.gif\" alt=\"\" \/><\/td>\n<td valign=\"top\"><img decoding=\"async\" src=\"\/wp-content\/uploads\/2010\/08\/icon_trophy_bronze.gif\" alt=\"\" \/><\/td>\n<td valign=\"top\"><strong>Hier geht\u2019s lang<\/strong><br \/>\nWohnzimmert\u00fcr versetzen<br \/>\n<small>Erledigt am 20.11.2010<\/small><\/td>\n<td><\/td>\n<td><img decoding=\"async\" src=\"\/wp-content\/uploads\/2010\/08\/haus_bronze.gif\" alt=\"\" \/><\/td>\n<td valign=\"top\"><img decoding=\"async\" src=\"\/wp-content\/uploads\/2010\/08\/icon_trophy_bronze.gif\" alt=\"\" \/><\/td>\n<td valign=\"top\"><strong>Schaffe, Schaffe I <\/strong><br \/>\n50 Arbeitsstunden absolvieren<br \/>\n<small>Erledigt am 09.09.2010<\/small><\/td>\n<\/tr>\n<tr>\n<td><img decoding=\"async\" src=\"\/wp-content\/uploads\/2010\/08\/icon_trophy_padlock.gif\" alt=\"\" \/><\/td>\n<td valign=\"top\"><img decoding=\"async\" src=\"\/wp-content\/uploads\/2010\/08\/icon_trophy_bronze.gif\" alt=\"\" \/><\/td>\n<td valign=\"top\"><strong>Meister Eder&#8230;<\/strong><br \/>\nS\u00e4mtliche T\u00fcren samt Zargen erneuern<\/td>\n<td><\/td>\n<td><img decoding=\"async\" src=\"\/wp-content\/uploads\/2010\/08\/icon_trophy_padlock.gif\" alt=\"\" \/><\/td>\n<td valign=\"top\"><img decoding=\"async\" src=\"\/wp-content\/uploads\/2010\/08\/icon_trophy_bronze.gif\" alt=\"\" \/><\/td>\n<td valign=\"top\"><strong>&#8230;und sein Pumuckl<\/strong><br \/>\nalle Einbauschr\u00e4nke erneuern<\/td>\n<\/tr>\n<tr>\n<td><img decoding=\"async\" src=\"\/wp-content\/uploads\/2010\/08\/haus_bronze.gif\" alt=\"\" \/><\/td>\n<td valign=\"top\"><img decoding=\"async\" src=\"\/wp-content\/uploads\/2010\/08\/icon_trophy_bronze.gif\" alt=\"\" \/><\/td>\n<td valign=\"top\"><strong>Mjamm, Mjamm<\/strong><br \/>\nK\u00fcche Ab-\/Aufbau<br \/>\n<small>Erledigt am 30.06.2011<\/small><\/td>\n<td><\/td>\n<td><img decoding=\"async\" src=\"\/wp-content\/uploads\/2010\/08\/haus_bronze.gif\" alt=\"\" \/><\/td>\n<td valign=\"top\"><img decoding=\"async\" src=\"\/wp-content\/uploads\/2010\/08\/icon_trophy_bronze.gif\" alt=\"\" \/><\/td>\n<td valign=\"top\"><strong>Prost!<\/strong><br \/>\nEine (beleuchtete) Bar schaffen<br \/>\n<small>Erledigt am 08.10.2012<\/small><\/td>\n<\/tr>\n<tr>\n<td><img decoding=\"async\" src=\"\/wp-content\/uploads\/2010\/08\/haus_bronze.gif\" alt=\"\" \/><\/td>\n<td valign=\"top\"><img decoding=\"async\" src=\"\/wp-content\/uploads\/2010\/08\/icon_trophy_bronze.gif\" alt=\"\" \/><\/td>\n<td valign=\"top\"><strong>Klopf, Klopf<\/strong><br \/>\nNeue Haust\u00fcr einbauen<br \/>\n<small>Erledigt am 21.04.2011<\/small><\/td>\n<td><\/td>\n<td><img decoding=\"async\" src=\"\/wp-content\/uploads\/2010\/08\/haus_bronze.gif\" alt=\"\" \/><\/td>\n<td valign=\"top\"><img decoding=\"async\" src=\"\/wp-content\/uploads\/2010\/08\/icon_trophy_bronze.gif\" alt=\"\" \/><\/td>\n<td valign=\"top\"><strong>Unverhofft kommt oft<\/strong><br \/>\nIrgend etwas verl\u00e4uft ganz und gar nicht, wie geplant<br \/>\n<small>Erledigt am 15.11.2010<\/small><\/td>\n<\/tr>\n<tr>\n<td><img decoding=\"async\" src=\"\/wp-content\/uploads\/2010\/08\/haus_bronze.gif\" alt=\"\" \/><\/td>\n<td valign=\"top\"><img decoding=\"async\" src=\"\/wp-content\/uploads\/2010\/08\/icon_trophy_bronze.gif\" alt=\"\" \/><\/td>\n<td valign=\"top\"><strong>Wohnlich<\/strong><br \/>\nGardinen, Bilder, Gr\u00fcnpflanzen etc.<br \/>\n<small>Erledigt am 01.10.2011<\/small><\/td>\n<td><\/td>\n<td><img decoding=\"async\" src=\"\/wp-content\/uploads\/2010\/08\/haus_bronze.gif\" alt=\"\" \/><\/td>\n<td valign=\"top\"><img decoding=\"async\" src=\"\/wp-content\/uploads\/2010\/08\/icon_trophy_bronze.gif\" alt=\"\" \/><\/td>\n<td valign=\"top\"><strong>Umzug<\/strong><br \/>\nDie bisherige Wohnung endg\u00fcltig verlassen<br \/>\n<small>Erledigt am 30.06.2011<\/small><\/td>\n<\/tr>\n<tr>\n<td><img decoding=\"async\" src=\"\/wp-content\/uploads\/2010\/08\/haus_bronze.gif\" alt=\"\" \/><\/td>\n<td valign=\"top\"><img decoding=\"async\" src=\"\/wp-content\/uploads\/2010\/08\/icon_trophy_bronze.gif\" alt=\"\" \/><\/td>\n<td valign=\"top\"><strong>Es gr\u00fcnt so gr\u00fcn<\/strong><br \/>\nDen Garten herrichten<br \/>\n<small>Erledigt am 04.10.2014<\/small><\/td>\n<td><\/td>\n<td><img decoding=\"async\" src=\"\/wp-content\/uploads\/2010\/08\/haus_bronze.gif\" alt=\"\" \/><\/td>\n<td valign=\"top\"><img decoding=\"async\" src=\"\/wp-content\/uploads\/2010\/08\/icon_trophy_bronze.gif\" alt=\"\" \/><\/td>\n<td valign=\"top\"><strong>Hoch die Tassen<\/strong><br \/>\nEinweihungsparty geben<br \/>\n<small>Erledigt am 01.10.2011<\/small><\/td>\n<\/tr>\n<tr>\n<td><img decoding=\"async\" src=\"\/wp-content\/uploads\/2010\/08\/icon_trophy_padlock.gif\" alt=\"\" \/><\/td>\n<td valign=\"top\"><img decoding=\"async\" src=\"\/wp-content\/uploads\/2010\/08\/icon_trophy_bronze.gif\" alt=\"\" \/><\/td>\n<td valign=\"top\"><strong>Total blank<\/strong><br \/>\nErste Sondertilgung t\u00e4tigen<\/td>\n<td><\/td>\n<td><img decoding=\"async\" src=\"\/wp-content\/uploads\/2010\/08\/haus_bronze.gif\" alt=\"\" \/><\/td>\n<td valign=\"top\"><img decoding=\"async\" src=\"\/wp-content\/uploads\/2010\/08\/icon_trophy_bronze.gif\" alt=\"\" \/><\/td>\n<td valign=\"top\"><strong>Es werde Licht<\/strong><br \/>\nSchafft 3 besondere Beleuchtungen<br \/>\n<small>Erledigt am 23.12.2011<\/small><\/td>\n<\/tr>\n<tr>\n<td><img decoding=\"async\" src=\"\/wp-content\/uploads\/2010\/08\/haus_bronze.gif\" alt=\"\" \/><\/td>\n<td valign=\"top\"><img decoding=\"async\" src=\"\/wp-content\/uploads\/2010\/08\/icon_trophy_bronze.gif\" alt=\"\" \/><\/td>\n<td valign=\"top\"><strong>Hier wohnen wir<\/strong><br \/>\nBriefkasten, Eingangstor, Zaun aufbauen<br \/>\n<small>Erledigt am 16.04.2016<\/small><\/td>\n<td><\/td>\n<td><img decoding=\"async\" src=\"\/wp-content\/uploads\/2010\/08\/haus_bronze.gif\" alt=\"\" \/><\/td>\n<td valign=\"top\"><img decoding=\"async\" src=\"\/wp-content\/uploads\/2010\/08\/icon_trophy_bronze.gif\" alt=\"\" \/><\/td>\n<td valign=\"top\"><strong>Ding-Dong. Wer da?<\/strong><br \/>\nGegensprechanlage installieren<br \/>\n<small>Erledigt am 19.12.2011<\/small><\/td>\n<\/tr>\n<tr>\n<td><img decoding=\"async\" src=\"\/wp-content\/uploads\/2010\/08\/haus_bronze.gif\" alt=\"\" \/><\/td>\n<td valign=\"top\"><img decoding=\"async\" src=\"\/wp-content\/uploads\/2010\/08\/icon_trophy_bronze.gif\" alt=\"\" \/><\/td>\n<td valign=\"top\"><strong>Endlich Bild<\/strong><br \/>\nSatellitenanlage installieren<br \/>\n<small>Erledigt am 19.06.2011<\/small><\/td>\n<td><\/td>\n<td><img decoding=\"async\" src=\"\/wp-content\/uploads\/2010\/08\/icon_trophy_padlock.gif\" alt=\"\" \/><\/td>\n<td valign=\"top\"><img decoding=\"async\" src=\"\/wp-content\/uploads\/2010\/08\/icon_trophy_bronze.gif\" alt=\"\" \/><\/td>\n<td valign=\"top\"><strong>Sch\u00f6n, von hier oben<\/strong><br \/>\nBalkon sanieren<\/td>\n<\/tr>\n<tr>\n<td><img decoding=\"async\" src=\"\/wp-content\/uploads\/2010\/08\/haus_bronze.gif\" alt=\"\" \/><\/td>\n<td valign=\"top\"><img decoding=\"async\" src=\"\/wp-content\/uploads\/2010\/08\/icon_trophy_bronze.gif\" alt=\"\" \/><\/td>\n<td valign=\"top\"><strong>Unter freiem Himmel<\/strong><br \/>\nDie Terrasse erneuern<br \/>\n<small>Erledigt am 03.10.2015<\/small><\/td>\n<td><\/td>\n<td><img decoding=\"async\" src=\"\/wp-content\/uploads\/2010\/08\/haus_bronze.gif\" alt=\"\" \/><\/td>\n<td valign=\"top\"><img decoding=\"async\" src=\"\/wp-content\/uploads\/2010\/08\/icon_trophy_bronze.gif\" alt=\"\" \/><\/td>\n<td valign=\"top\"><strong>Stairway to heaven<\/strong><br \/>\nInnentreppe restaurieren<br \/>\n<small>Erledigt am 11.11.2011<\/small><\/td>\n<\/tr>\n<tr>\n<td><img decoding=\"async\" src=\"\/wp-content\/uploads\/2010\/08\/haus_bronze.gif\" alt=\"\" \/><\/td>\n<td valign=\"top\"><img decoding=\"async\" src=\"\/wp-content\/uploads\/2010\/08\/icon_trophy_bronze.gif\" alt=\"\" \/><\/td>\n<td valign=\"top\"><strong>Bunt ist das Dasein<\/strong><br \/>\nDas komplette Haus streichen\/tapezieren<br \/>\n<small>Erledigt am 23.05.2011<\/small><\/td>\n<td><\/td>\n<td><img decoding=\"async\" src=\"\/wp-content\/uploads\/2010\/08\/haus_bronze.gif\" alt=\"\" \/><\/td>\n<td valign=\"top\"><img decoding=\"async\" src=\"\/wp-content\/uploads\/2010\/08\/icon_trophy_bronze.gif\" alt=\"\" \/><\/td>\n<td valign=\"top\"><strong>Schlaft gut<\/strong><br \/>\nBettgestell bauen<br \/>\n<small>Erledigt am 24.06.2011<\/small><\/td>\n<\/tr>\n<\/tbody>\n<\/table>\n<p><img decoding=\"async\" src=\"\/wp-content\/uploads\/2010\/08\/cup_silver.png\" alt=\"\" \/><\/p>\n<table>\n<thead><\/thead>\n<tbody>\n<tr>\n<td><img decoding=\"async\" src=\"\/wp-content\/uploads\/2010\/08\/haus_silber.gif\" alt=\"\" \/><\/td>\n<td valign=\"top\"><img decoding=\"async\" src=\"\/wp-content\/uploads\/2010\/08\/icon_trophy_silver.gif\" alt=\"\" \/><\/td>\n<td valign=\"top\"><strong>Brrrr<\/strong><br \/>\nHeizung einbauen &amp; anschlie\u00dfen<br \/>\n<small>Erledigt am 04.03.2011<\/small><\/td>\n<td><\/td>\n<td><img decoding=\"async\" src=\"\/wp-content\/uploads\/2010\/08\/haus_silber.gif\" alt=\"\" \/><\/td>\n<td valign=\"top\"><img decoding=\"async\" src=\"\/wp-content\/uploads\/2010\/08\/icon_trophy_silver.gif\" alt=\"\" \/><\/td>\n<td valign=\"top\"><strong>Ich sehe was<\/strong><br \/>\nIm gesamten Haus Fenster einbauen<br \/>\n<small>Erledigt am 01.04.2011<\/small><\/td>\n<\/tr>\n<tr>\n<td><img decoding=\"async\" src=\"\/wp-content\/uploads\/2010\/08\/haus_silber.gif\" alt=\"\" \/><\/td>\n<td valign=\"top\"><img decoding=\"async\" src=\"\/wp-content\/uploads\/2010\/08\/icon_trophy_silver.gif\" alt=\"\" \/><\/td>\n<td valign=\"top\"><strong>Strippenzieher <\/strong><br \/>\nKomplette Elektrik, LAN &amp; Musikverkabelung verlegen<br \/>\n<small>Erledigt am 12.07.2011<\/small><\/td>\n<td><\/td>\n<td><img decoding=\"async\" src=\"\/wp-content\/uploads\/2010\/08\/haus_silber.gif\" alt=\"\" \/><\/td>\n<td valign=\"top\"><img decoding=\"async\" src=\"\/wp-content\/uploads\/2010\/08\/icon_trophy_silver.gif\" alt=\"\" \/><\/td>\n<td valign=\"top\"><strong>Bretter, die die Welt bedeuten <\/strong><br \/>\nFu\u00dfboden verlegen<br \/>\n<small>Erledigt am 21.06.2011<\/small><\/td>\n<\/tr>\n<tr>\n<td><img decoding=\"async\" src=\"\/wp-content\/uploads\/2010\/08\/haus_silber.gif\" alt=\"\" \/><\/td>\n<td valign=\"top\"><img decoding=\"async\" src=\"\/wp-content\/uploads\/2010\/08\/icon_trophy_silver.gif\" alt=\"\" \/><\/td>\n<td valign=\"top\"><strong>Endlich sauber<\/strong><br \/>\nBad\/G\u00e4steWC fertig stellen<br \/>\n<small>Erledigt am 30.09.2011<\/small><\/td>\n<td><\/td>\n<td><img decoding=\"async\" src=\"\/wp-content\/uploads\/2010\/08\/icon_trophy_padlock.gif\" alt=\"\" \/><\/td>\n<td valign=\"top\"><img decoding=\"async\" src=\"\/wp-content\/uploads\/2010\/08\/icon_trophy_silver.gif\" alt=\"\" \/><\/td>\n<td valign=\"top\"><strong>Viel Rauch um nichts<\/strong><br \/>\nAnschluss eines Kamins<\/td>\n<\/tr>\n<tr>\n<td><img decoding=\"async\" src=\"\/wp-content\/uploads\/2010\/08\/icon_trophy_padlock.gif\" alt=\"\" \/><\/td>\n<td valign=\"top\"><img decoding=\"async\" src=\"\/wp-content\/uploads\/2010\/08\/icon_trophy_silver.gif\" alt=\"\" \/><\/td>\n<td valign=\"top\"><strong>Dachausbau<\/strong><br \/>\nSchafft zus\u00e4tzlichen Wohnraum<\/td>\n<td><\/td>\n<td><img decoding=\"async\" src=\"\/wp-content\/uploads\/2010\/08\/icon_trophy_padlock.gif\" alt=\"\" \/><\/td>\n<td valign=\"top\"><img decoding=\"async\" src=\"\/wp-content\/uploads\/2010\/08\/icon_trophy_silver.gif\" alt=\"\" \/><\/td>\n<td valign=\"top\"><strong>Energiesparen 2.0<\/strong><br \/>\nHausd\u00e4mmung<\/td>\n<\/tr>\n<tr>\n<td><img decoding=\"async\" src=\"\/wp-content\/uploads\/2010\/08\/icon_trophy_padlock.gif\" alt=\"\" \/><\/td>\n<td valign=\"top\"><img decoding=\"async\" src=\"\/wp-content\/uploads\/2010\/08\/icon_trophy_silver.gif\" alt=\"\" \/><\/td>\n<td valign=\"top\"><strong>Party on<\/strong><br \/>\nKellerausbau<\/td>\n<td><\/td>\n<td><img decoding=\"async\" src=\"\/wp-content\/uploads\/2010\/08\/haus_silber.gif\" alt=\"\" \/><\/td>\n<td valign=\"top\"><img decoding=\"async\" src=\"\/wp-content\/uploads\/2010\/08\/icon_trophy_silver.gif\" alt=\"\" \/><\/td>\n<td valign=\"top\"><strong>Schaffe, Schaffe II<\/strong><br \/>\n500 Arbeitsstunden absolvieren<br \/>\n<small>Erledigt am 07.03.2011<\/small><\/td>\n<\/tr>\n<\/tbody>\n<\/table>\n<p><img decoding=\"async\" src=\"\/wp-content\/uploads\/2010\/08\/cup_gold.png\" alt=\"\" \/><\/p>\n<table>\n<thead><\/thead>\n<tbody>\n<tr>\n<td><img decoding=\"async\" src=\"\/wp-content\/uploads\/2010\/08\/haus_gold.gif\" alt=\"\" \/><\/td>\n<td valign=\"top\"><img decoding=\"async\" src=\"\/wp-content\/uploads\/2010\/08\/icon_trophy_gold.gif\" alt=\"\" \/><\/td>\n<td valign=\"top\"><strong>Hausbesetzer<\/strong><br \/>\nSchlie\u00dft alle notwendigen Arbeiten bis zur Schl\u00fcssel-<br \/>\n\u00fcbergabe ab<br \/>\n<small>Erledigt am 31.08.2010<\/small><\/td>\n<td><\/td>\n<td><img decoding=\"async\" src=\"\/wp-content\/uploads\/2010\/08\/haus_gold.gif\" alt=\"\" \/><\/td>\n<td valign=\"top\"><img decoding=\"async\" src=\"\/wp-content\/uploads\/2010\/08\/icon_trophy_gold.gif\" alt=\"\" \/><\/td>\n<td valign=\"top\"><strong>Einzug<\/strong><br \/>\nSchlie\u00dft alle Arbeiten am Haus, die f\u00fcr den Einzug notwendig sind, ab und zieht um<br \/>\n<small>Erledigt am 03.07.2011<\/small><\/td>\n<\/tr>\n<tr>\n<td><img decoding=\"async\" src=\"\/wp-content\/uploads\/2010\/08\/icon_trophy_padlock.gif\" alt=\"\" \/><\/td>\n<td valign=\"top\"><img decoding=\"async\" src=\"\/wp-content\/uploads\/2010\/08\/icon_trophy_gold.gif\" alt=\"\" \/><\/td>\n<td valign=\"top\"><strong>Endlich fertig<\/strong><br \/>\nAlle f\u00fcr die Zukunft geplanten Arbeiten wurden abgeschlossen<\/td>\n<\/tr>\n<\/tbody>\n<\/table>\n<p><img decoding=\"async\" src=\"\/wp-content\/uploads\/2010\/08\/cup_platinum.png\" alt=\"\" \/><\/p>\n<table>\n<thead><\/thead>\n<tbody>\n<tr>\n<td><img decoding=\"async\" src=\"\/wp-content\/uploads\/2010\/08\/icon_trophy_padlock.gif\" alt=\"\" \/><\/td>\n<td valign=\"top\"><img decoding=\"async\" src=\"\/wp-content\/uploads\/2010\/08\/icon_trophy_platinum.gif\" alt=\"\" \/><\/td>\n<td valign=\"top\"><strong>Die H\u00fctte rockt!<\/strong><br \/>\nSammelt alle Bronze, Silber und Gold Troph\u00e4en<\/td>\n<\/tr>\n<\/tbody>\n<\/table>\n","protected":false},"excerpt":{"rendered":"<p>Der \u00dcbersicht halber Einrichten eines Hauskontos Erledigt am 17.06.2010 Arm wie eine Kirchenmaus Sparkassentermin abschlie\u00dfen Erledigt am 19.08.2010 B\u00fcrokratie muss sein Notartermin abschlie\u00dfen Erledigt am 29.06.2010 Sicher ist sicher Geb\u00e4udeversicherung abschlie\u00dfen Erledigt am 09.08.2010 Endlich! Schl\u00fcssel\u00fcbergabe Erledigt am 31.08.2010 Dachschaden Riss reparieren &amp; Dachschindeln austauschen Erledigt am 19.08.2011 Alles muss raus B\u00e4der abrei\u00dfen, Fu\u00dfb\u00f6den raus, [&hellip;]<\/p>\n","protected":false},"author":3,"featured_media":0,"parent":0,"menu_order":3,"comment_status":"closed","ping_status":"closed","template":"","meta":{"jetpack_post_was_ever_published":false,"footnotes":""},"jetpack_shortlink":"https:\/\/wp.me\/PY1Uk-2G","jetpack_sharing_enabled":true,"_links":{"self":[{"href":"http:\/\/stuebbenhaus.de\/index.php?rest_route=\/wp\/v2\/pages\/166"}],"collection":[{"href":"http:\/\/stuebbenhaus.de\/index.php?rest_route=\/wp\/v2\/pages"}],"about":[{"href":"http:\/\/stuebbenhaus.de\/index.php?rest_route=\/wp\/v2\/types\/page"}],"author":[{"embeddable":true,"href":"http:\/\/stuebbenhaus.de\/index.php?rest_route=\/wp\/v2\/users\/3"}],"replies":[{"embeddable":true,"href":"http:\/\/stuebbenhaus.de\/index.php?rest_route=%2Fwp%2Fv2%2Fcomments&post=166"}],"version-history":[{"count":117,"href":"http:\/\/stuebbenhaus.de\/index.php?rest_route=\/wp\/v2\/pages\/166\/revisions"}],"predecessor-version":[{"id":2355,"href":"http:\/\/stuebbenhaus.de\/index.php?rest_route=\/wp\/v2\/pages\/166\/revisions\/2355"}],"wp:attachment":[{"href":"http:\/\/stuebbenhaus.de\/index.php?rest_route=%2Fwp%2Fv2%2Fmedia&parent=166"}],"curies":[{"name":"wp","href":"https:\/\/api.w.org\/{rel}","templated":true}]}}